{"id":1713,"date":"2020-03-09T18:00:26","date_gmt":"2020-03-09T17:00:26","guid":{"rendered":"https:\/\/sitedev.it\/chotels\/prova-landing-page\/"},"modified":"2020-06-26T11:31:05","modified_gmt":"2020-06-26T09:31:05","slug":"prova-landing-page","status":"publish","type":"page","link":"https:\/\/www.hoteldiplomat.net\/en\/prova-landing-page\/","title":{"rendered":"Prova Landing Page"},"content":{"rendered":"\t<\/div>\n\t<div id=\"gallery-block_5e667635b9285\" class=\"gallery\">\n\t\t<div id=\"gallery\" class=\"wait\">\n\n\t\t\t\t\t\t\t<div class=\"slider\">\n\n\t\t\t\t\t\t\t\t\t\t\t\t\t\t\t\t\t\t\t\t\t\t\t\t\t\t\t<div class=\"slide\">\n\t\t\t\t\t\t\t\t\t\t<img loading=\"lazy\" decoding=\"async\" width=\"2560\" height=\"1706\" src=\"https:\/\/i0.wp.com\/www.hoteldiplomat.net\/wp-content\/uploads\/sites\/4\/2020\/06\/immagine-home.png?fit=2560%2C1706&amp;ssl=1\" class=\"attachment-full size-full\" alt=\"\" srcset=\"https:\/\/i0.wp.com\/www.hoteldiplomat.net\/wp-content\/uploads\/sites\/4\/2020\/06\/immagine-home.png?w=2560&amp;ssl=1 2560w, https:\/\/i0.wp.com\/www.hoteldiplomat.net\/wp-content\/uploads\/sites\/4\/2020\/06\/immagine-home.png?resize=300%2C200&amp;ssl=1 300w, https:\/\/i0.wp.com\/www.hoteldiplomat.net\/wp-content\/uploads\/sites\/4\/2020\/06\/immagine-home.png?resize=1024%2C682&amp;ssl=1 1024w, https:\/\/i0.wp.com\/www.hoteldiplomat.net\/wp-content\/uploads\/sites\/4\/2020\/06\/immagine-home.png?resize=768%2C512&amp;ssl=1 768w, https:\/\/i0.wp.com\/www.hoteldiplomat.net\/wp-content\/uploads\/sites\/4\/2020\/06\/immagine-home.png?resize=1536%2C1024&amp;ssl=1 1536w, https:\/\/i0.wp.com\/www.hoteldiplomat.net\/wp-content\/uploads\/sites\/4\/2020\/06\/immagine-home.png?resize=2048%2C1365&amp;ssl=1 2048w, https:\/\/i0.wp.com\/www.hoteldiplomat.net\/wp-content\/uploads\/sites\/4\/2020\/06\/immagine-home.png?resize=750%2C500&amp;ssl=1 750w, https:\/\/i0.wp.com\/www.hoteldiplomat.net\/wp-content\/uploads\/sites\/4\/2020\/06\/immagine-home.png?resize=285%2C190&amp;ssl=1 285w, https:\/\/i0.wp.com\/www.hoteldiplomat.net\/wp-content\/uploads\/sites\/4\/2020\/06\/immagine-home.png?resize=550%2C367&amp;ssl=1 550w, https:\/\/i0.wp.com\/www.hoteldiplomat.net\/wp-content\/uploads\/sites\/4\/2020\/06\/immagine-home.png?w=1800&amp;ssl=1 1800w\" sizes=\"auto, (max-width: 900px) 100vw, 900px\" \/>\t\t\t\t\t\t\t\t\t<\/div>\n\t\t\t\t\t\t\t\t\t\t\t\t\t\t\t\t\t\t<\/div>\n\n\t\t\t\n\t\t\t<div id=\"testo\">\n\t\t\t\t<div class=\"container-fluid\">\n\t\t\t\t\t<h1 class=\"s-italic\">Nome di Landing<\/h1>\n\t\t\t\t\t<p>Testo di introduzione<\/p>\n\t\t\t\t<\/div>\n\t\t\t<\/div>\n\t\t<\/div>\n\n\t<\/div>\n\t<div class=\"container-fluid\">\n\n\t\t\n\n\t\n\n\n<p>Ihitatqui unditae venimpos eum, occae labori que prerci di dellabo ruptatempori comnienihit veris re velit quo conse dolum di simi, sunt omnihit et optatum ex eaquid mos ea nihiciis necaerum corporeperci volorpor alique parcium ulpa aris dolor re ex et latem et at explant lamusantias magnieniet ommolo doluptio. Epedi nonet quat labor adiorrovid utet, conseque verum inus audam, tempor repernatur, omni aliation es adi ut laborrorest, iumquasit eos quodit expellique nullab im autem. Sanimus quaspid quis excerib usciis am, ut harume quos verepta temporerum que cori vercia cum re dolupta velis aut dolupta tibustis verferum sinum esequas exeres si ipsandi audam, totate des dolupta volore, senit, volupta ilique voluptasit oditae non rerroviti volores dem rem. Genis ratur re veliquidus et, quis eliberspero mos est estia dolendandite occusantiust ate esti dolorporumet et lit ipsa velessin pra dis et aligenisiti occus simil ilibeat uscimodignia volorum ad quid minvendit, non re similla mendis dolupiende corae prorum con cus.<\/p>\n\n\n\n<div style=\"height:100px\" aria-hidden=\"true\" class=\"wp-block-spacer\"><\/div>\n\n\n\n<h3 class=\"has-text-align-center wp-block-heading\">PRENOTA LA TUA STANZA<\/h3>\n\n\n\n<div class=\"wpcf7 no-js\" id=\"wpcf7-f858-o1\" lang=\"it-IT\" dir=\"ltr\" data-wpcf7-id=\"858\">\n<div class=\"screen-reader-response\"><p role=\"status\" aria-live=\"polite\" aria-atomic=\"true\"><\/p> <ul><\/ul><\/div>\n<form action=\"\/en\/wp-json\/wp\/v2\/pages\/1713#wpcf7-f858-o1\" method=\"post\" class=\"wpcf7-form init\" aria-label=\"Modulo di contatto\" novalidate=\"novalidate\" data-status=\"init\">\n<fieldset class=\"hidden-fields-container\"><input type=\"hidden\" name=\"_wpcf7\" value=\"858\" \/><input type=\"hidden\" name=\"_wpcf7_version\" value=\"6.1.5\" \/><input type=\"hidden\" name=\"_wpcf7_locale\" value=\"it_IT\" \/><input type=\"hidden\" name=\"_wpcf7_unit_tag\" value=\"wpcf7-f858-o1\" \/><input type=\"hidden\" name=\"_wpcf7_container_post\" value=\"0\" \/><input type=\"hidden\" name=\"_wpcf7_posted_data_hash\" value=\"\" \/><input type=\"hidden\" name=\"_wpcf7cf_hidden_group_fields\" value=\"[]\" \/><input type=\"hidden\" name=\"_wpcf7cf_hidden_groups\" value=\"[]\" \/><input type=\"hidden\" name=\"_wpcf7cf_visible_groups\" value=\"[]\" \/><input type=\"hidden\" name=\"_wpcf7cf_repeaters\" value=\"[]\" \/><input type=\"hidden\" name=\"_wpcf7cf_steps\" value=\"{}\" \/><input type=\"hidden\" name=\"_wpcf7cf_options\" value=\"{&quot;form_id&quot;:858,&quot;conditions&quot;:[],&quot;settings&quot;:{&quot;animation&quot;:&quot;yes&quot;,&quot;animation_intime&quot;:200,&quot;animation_outtime&quot;:200,&quot;conditions_ui&quot;:&quot;normal&quot;,&quot;notice_dismissed&quot;:false}}\" \/>\n<\/fieldset>\n<p><label><span class=\"wpcf7-form-control-wrap\" data-name=\"nome\"><input size=\"40\" maxlength=\"400\" class=\"wpcf7-form-control wpcf7-text wpcf7-validates-as-required\" aria-required=\"true\" aria-invalid=\"false\" placeholder=\"Name\" value=\"\" type=\"text\" name=\"nome\" \/><\/span> <\/label><br \/>\n<label class=\"chiaro\"><span class=\"wpcf7-form-control-wrap\" data-name=\"email\"><input size=\"40\" maxlength=\"400\" class=\"wpcf7-form-control wpcf7-email wpcf7-validates-as-required wpcf7-text wpcf7-validates-as-email\" aria-required=\"true\" aria-invalid=\"false\" placeholder=\"E-mail\" value=\"\" type=\"email\" name=\"email\" \/><\/span> <\/label><br \/>\n<label class=\"arrivo-off media-width\"><span class=\"wpcf7-form-control-wrap\" data-name=\"arrivo\"><input size=\"40\" maxlength=\"400\" class=\"wpcf7-form-control wpcf7-text wpcf7-validates-as-required datepickerform\" aria-required=\"true\" aria-invalid=\"false\" placeholder=\"Arrive\" value=\"\" type=\"text\" name=\"arrivo\" \/><\/span><\/label><label class=\"partenza-off media-width last\"><span class=\"wpcf7-form-control-wrap\" data-name=\"partenza\"><input size=\"40\" maxlength=\"400\" class=\"wpcf7-form-control wpcf7-text wpcf7-validates-as-required datepickerform\" aria-required=\"true\" aria-invalid=\"false\" placeholder=\"Departure\" value=\"\" type=\"text\" name=\"partenza\" \/><\/span><\/label><br \/>\n<label class=\"terzo-width first chiaro\">Guests <span class=\"wpcf7-form-control-wrap\" data-name=\"ospiti\"><select class=\"wpcf7-form-control wpcf7-select\" id=\"ospiti-form\" aria-invalid=\"false\" name=\"ospiti\"><option value=\"1\" selected=\"selected\">1<\/option><option value=\"2\">2<\/option><option value=\"3\">3<\/option><option value=\"4\">4<\/option><option value=\"5\">5<\/option><option value=\"6\">6<\/option><option value=\"7\">7<\/option><option value=\"8\">8<\/option><option value=\"9\">9<\/option><option value=\"10\">10<\/option><\/select><\/span><\/label><label class=\"terzo-width chiaro\">Room <span class=\"wpcf7-form-control-wrap\" data-name=\"stanze\"><select class=\"wpcf7-form-control wpcf7-select\" id=\"stanze-form\" aria-invalid=\"false\" name=\"stanze\"><option value=\"1\" selected=\"selected\">1<\/option><option value=\"2\">2<\/option><option value=\"3\">3<\/option><option value=\"4\">4<\/option><option value=\"5\">5<\/option><option value=\"6\">6<\/option><option value=\"7\">7<\/option><option value=\"8\">8<\/option><option value=\"9\">9<\/option><option value=\"10\">10<\/option><\/select><\/span><\/label><label class=\"terzo-width last chiaro\">Kids <span class=\"wpcf7-form-control-wrap\" data-name=\"kids\"><select class=\"wpcf7-form-control wpcf7-select\" id=\"kids-form\" aria-invalid=\"false\" name=\"kids\"><option value=\"1\" selected=\"selected\">1<\/option><option value=\"2\">2<\/option><option value=\"3\">3<\/option><option value=\"4\">4<\/option><option value=\"5\">5<\/option><option value=\"6\">6<\/option><option value=\"7\">7<\/option><option value=\"8\">8<\/option><option value=\"9\">9<\/option><option value=\"10\">10<\/option><\/select><\/span><\/label>\n<\/p>\n<p><label><span class=\"wpcf7-form-control-wrap\" data-name=\"your-message\"><textarea cols=\"40\" rows=\"10\" maxlength=\"2000\" class=\"wpcf7-form-control wpcf7-textarea\" aria-invalid=\"false\" placeholder=\"Message\" name=\"your-message\"><\/textarea><\/span> <\/label>\n<\/p>\n<p class=\"acceptance checkbox\"><br \/>\n<span class=\"wpcf7-form-control-wrap\" data-name=\"privacy\"><span class=\"wpcf7-form-control wpcf7-acceptance\"><span class=\"wpcf7-list-item\"><label><input type=\"checkbox\" name=\"privacy\" value=\"1\" id=\"privacy\" aria-invalid=\"false\" \/><span class=\"wpcf7-list-item-label\"><span class=\"checkbox\"><\/span><span class=\"testo\">Acconsento il trattamento dei dati personali<\/span><\/span><\/label><\/span><\/span><\/span><span class=\"wpcf7-form-control-wrap\" data-name=\"news-form\"><span class=\"wpcf7-form-control wpcf7-acceptance optional\"><span class=\"wpcf7-list-item\"><label><input type=\"checkbox\" name=\"news-form\" value=\"1\" id=\"news-form\" aria-invalid=\"false\" \/><span class=\"wpcf7-list-item-label\"><span class=\"checkbox\"><\/span><span class=\"testo\">Rimani aggiornato con le offerte di c-hotels<\/span><\/span><\/label><\/span><\/span><\/span><a href=\"\" class=\"privacy-form\">Privacy Policy<\/a>\n<\/p>\n<p><input class=\"wpcf7-form-control wpcf7-submit has-spinner\" type=\"submit\" value=\"Invia\" \/>\n<\/p>\n<p class=\"small-privacy\">La informiamo che i dati da lei conferiti saranno trattati con mezzi informatici nel rispetto dei principi stabiliti dalla normativa vigente in materia di protezione di dati (Regolamento UE n. 679 del 2016) al solo fine di fornirle le informazioni richieste. L\u2019informativa completa sulle modalit\u00e0 e finalit\u00e0 dei trattamenti effettuati \u00e8 accessibile <a href=\"\/privacy-policy\">cliccando qui<\/a>.\n<\/p><input type='hidden' class='wpcf7-pum' value='{\"closepopup\":false,\"closedelay\":0,\"openpopup\":false,\"openpopup_id\":0}' \/><div class=\"wpcf7-response-output\" aria-hidden=\"true\"><\/div>\n<\/form>\n<\/div>\n\n","protected":false},"excerpt":{"rendered":"<p>Ihitatqui unditae venimpos eum, occae labori que prerci di dellabo ruptatempori comnienihit veris re velit quo conse dolum di simi,&#8230;<\/p>\n","protected":false},"author":1,"featured_media":0,"parent":0,"menu_order":0,"comment_status":"closed","ping_status":"closed","template":"page-landing.php","meta":{"_acf_changed":false,"footnotes":""},"class_list":["post-1713","page","type-page","status-publish","hentry"],"acf":{"sfondo":""},"jetpack_sharing_enabled":true,"_links":{"self":[{"href":"https:\/\/www.hoteldiplomat.net\/en\/wp-json\/wp\/v2\/pages\/1713","targetHints":{"allow":["GET"]}}],"collection":[{"href":"https:\/\/www.hoteldiplomat.net\/en\/wp-json\/wp\/v2\/pages"}],"about":[{"href":"https:\/\/www.hoteldiplomat.net\/en\/wp-json\/wp\/v2\/types\/page"}],"author":[{"embeddable":true,"href":"https:\/\/www.hoteldiplomat.net\/en\/wp-json\/wp\/v2\/users\/1"}],"replies":[{"embeddable":true,"href":"https:\/\/www.hoteldiplomat.net\/en\/wp-json\/wp\/v2\/comments?post=1713"}],"version-history":[{"count":1,"href":"https:\/\/www.hoteldiplomat.net\/en\/wp-json\/wp\/v2\/pages\/1713\/revisions"}],"predecessor-version":[{"id":1954,"href":"https:\/\/www.hoteldiplomat.net\/en\/wp-json\/wp\/v2\/pages\/1713\/revisions\/1954"}],"wp:attachment":[{"href":"https:\/\/www.hoteldiplomat.net\/en\/wp-json\/wp\/v2\/media?parent=1713"}],"curies":[{"name":"wp","href":"https:\/\/api.w.org\/{rel}","templated":true}]}}